{"id":1213,"date":"2024-02-05T13:33:12","date_gmt":"2024-02-05T12:33:12","guid":{"rendered":"https:\/\/clphotography.fr\/?page_id=1213"},"modified":"2024-02-06T10:30:16","modified_gmt":"2024-02-06T09:30:16","slug":"a-propos-de-moi","status":"publish","type":"page","link":"https:\/\/clphotography.fr\/?page_id=1213","title":{"rendered":"A propos de moi"},"content":{"rendered":"\t\t<div data-elementor-type=\"wp-page\" data-elementor-id=\"1213\" class=\"elementor elementor-1213\" data-elementor-post-type=\"page\">\n\t\t\t\t<div class=\"elementor-element elementor-element-5cefbc7 e-flex e-con-boxed e-con e-parent\" data-id=\"5cefbc7\" data-element_type=\"container\" data-e-type=\"container\">\n\t\t\t\t\t<div class=\"e-con-inner\">\n\t\t\t\t<div class=\"elementor-element elementor-element-f8a24bc elementor-widget elementor-widget-spacer\" data-id=\"f8a24bc\" data-element_type=\"widget\" data-e-type=\"widget\" data-widget_type=\"spacer.default\">\n\t\t\t\t<div class=\"elementor-widget-container\">\n\t\t\t\t\t\t\t<div class=\"elementor-spacer\">\n\t\t\t<div class=\"elementor-spacer-inner\"><\/div>\n\t\t<\/div>\n\t\t\t\t\t\t<\/div>\n\t\t\t\t<\/div>\n\t\t\t\t<div class=\"elementor-element elementor-element-463df4a elementor-widget elementor-widget-image\" data-id=\"463df4a\" data-element_type=\"widget\" data-e-type=\"widget\" data-widget_type=\"image.default\">\n\t\t\t\t<div class=\"elementor-widget-container\">\n\t\t\t\t\t\t\t\t\t\t\t\t<figure class=\"wp-caption\">\n\t\t\t\t\t\t\t\t\t\t\t<a href=\"http:\/\/clphotography.fr\/wp-content\/uploads\/2024\/02\/DSC05242-ARW_DxO_DeepPRIMEXD-scaled.webp\" data-elementor-open-lightbox=\"yes\" data-e-action-hash=\"#elementor-action%3Aaction%3Dlightbox%26settings%3DeyJpZCI6MTIxMiwidXJsIjoiaHR0cHM6XC9cL2NscGhvdG9ncmFwaHkuZnJcL3dwLWNvbnRlbnRcL3VwbG9hZHNcLzIwMjRcLzAyXC9EU0MwNTI0Mi1BUldfRHhPX0RlZXBQUklNRVhELXNjYWxlZC53ZWJwIn0%3D\">\n\t\t\t\t\t\t\t<img fetchpriority=\"high\" decoding=\"async\" width=\"1200\" height=\"800\" src=\"https:\/\/clphotography.fr\/wp-content\/uploads\/2024\/02\/DSC05242-ARW_DxO_DeepPRIMEXD-scaled.webp\" class=\"attachment-large size-large wp-image-1212\" alt=\"Mon Mat\u00e9riel\" srcset=\"https:\/\/clphotography.fr\/wp-content\/uploads\/2024\/02\/DSC05242-ARW_DxO_DeepPRIMEXD-scaled.webp 2560w, https:\/\/clphotography.fr\/wp-content\/uploads\/2024\/02\/DSC05242-ARW_DxO_DeepPRIMEXD-1800x1200.jpg 1800w, https:\/\/clphotography.fr\/wp-content\/uploads\/2024\/02\/DSC05242-ARW_DxO_DeepPRIMEXD-768x512.jpg 768w, https:\/\/clphotography.fr\/wp-content\/uploads\/2024\/02\/DSC05242-ARW_DxO_DeepPRIMEXD-1536x1024.jpg 1536w, https:\/\/clphotography.fr\/wp-content\/uploads\/2024\/02\/DSC05242-ARW_DxO_DeepPRIMEXD-2048x1365.jpg 2048w\" sizes=\"(max-width: 1200px) 100vw, 1200px\" \/>\t\t\t\t\t\t\t\t<\/a>\n\t\t\t\t\t\t\t\t\t\t\t<figcaption class=\"widget-image-caption wp-caption-text\">Mon mat\u00e9riel<\/figcaption>\n\t\t\t\t\t\t\t\t\t\t<\/figure>\n\t\t\t\t\t\t\t\t\t<\/div>\n\t\t\t\t<\/div>\n\t\t\t\t<div class=\"elementor-element elementor-element-86a7305 elementor-widget elementor-widget-spacer\" data-id=\"86a7305\" data-element_type=\"widget\" data-e-type=\"widget\" data-widget_type=\"spacer.default\">\n\t\t\t\t<div class=\"elementor-widget-container\">\n\t\t\t\t\t\t\t<div class=\"elementor-spacer\">\n\t\t\t<div class=\"elementor-spacer-inner\"><\/div>\n\t\t<\/div>\n\t\t\t\t\t\t<\/div>\n\t\t\t\t<\/div>\n\t\t\t\t<div class=\"elementor-element elementor-element-422ada2 elementor-widget elementor-widget-text-editor\" data-id=\"422ada2\" data-element_type=\"widget\" data-e-type=\"widget\" data-widget_type=\"text-editor.default\">\n\t\t\t\t<div class=\"elementor-widget-container\">\n\t\t\t\t\t\t\t\t\t<p>Bonjour \u00e0 toutes et \u00e0 tous.<\/p><p>Tout d\u2019abord bienvenue et merci de visiter ce site.<\/p><p>Je vais tenter de me pr\u00e9senter rapidement pour que nous fassions connaissance.<\/p><p>Je m\u2019appelle Cyril Lecaille et je suis passionn\u00e9 de photo depuis mon enfance. A l\u2019\u00e9poque (et cela remonte \u00e0 pas mal de temps maintenant), je voyais mon p\u00e8re faire des photos de famille, de vacances et j\u2019ai toujours \u00e9t\u00e9 intrigu\u00e9 par le fonctionnement de ce dr\u00f4le de rectangle noir (un Nikon F 1<sup>\u00e8re<\/sup> g\u00e9n\u00e9ration), lourd et trapu. Je passe rapidement mes premiers essais photographiques plut\u00f4t rat\u00e9s avec les jetables du d\u00e9but des ann\u00e9es 80 pour, tr\u00e8s vite, vers mes 12\/13 ans, me voir offrir un boitier digne de ce nom, le fameux Minolta Dinax 7xi. Le virus avait pris, il allait grandir et empirer au cours des prochaines ann\u00e9es.<\/p><p>Vers mes 15 ans j\u2019ai pu acc\u00e9der, gr\u00e2ce \u00e0 mon oncle, au Saint Graal du photographe \u00e0 savoir un labo de d\u00e9veloppement noir et blanc, la r\u00e9v\u00e9lation fut rapide. Temps d\u2019exposition, gradation, masquage, planches contact et tout le jargon du photographe de l\u2019\u00e9poque s\u2019ouvrit \u00e0 moi. Ne restait plus qu\u2019\u00e0\u2026.<\/p><p>Cette exp\u00e9rience argentique a fait de moi le photographe que je suis. La compr\u00e9hension des notions basiques au d\u00e9but, puis plus avanc\u00e9es ensuite des techniques photographiques, m\u2019a permis de cr\u00e9er des images telles que je les voyais dans le viseur (ou dans l\u2019\u00e9cran aujourd\u2019hui). Les techniques de d\u00e9veloppement ont \u00e9norm\u00e9ment avanc\u00e9 depuis cette \u00e9poque mais l\u2019esprit reste le m\u00eame : sublimer l\u2019image, lui donner un caract\u00e8re unique.<\/p><p>C\u2019est ce que j\u2019essaie de montrer \u00e0 travers les diff\u00e9rentes galeries pr\u00e9sentes ici et que j\u2019esp\u00e8re vous appr\u00e9cierez.<\/p><p>N\u2019h\u00e9sitez pas \u00e0 me laisser des commentaires, quels qu\u2019ils soient, ainsi que vos coordonn\u00e9es pour que ce site s\u2019am\u00e9liore et vous propose ce que vous souhaitez y trouver ou que nous \u00e9changions au sujet de la photographie en g\u00e9n\u00e9ral (section en cours de construction)<\/p>\t\t\t\t\t\t\t\t<\/div>\n\t\t\t\t<\/div>\n\t\t\t\t<div class=\"elementor-element elementor-element-c7ac936 elementor-widget elementor-widget-spacer\" data-id=\"c7ac936\" data-element_type=\"widget\" data-e-type=\"widget\" data-widget_type=\"spacer.default\">\n\t\t\t\t<div class=\"elementor-widget-container\">\n\t\t\t\t\t\t\t<div class=\"elementor-spacer\">\n\t\t\t<div class=\"elementor-spacer-inner\"><\/div>\n\t\t<\/div>\n\t\t\t\t\t\t<\/div>\n\t\t\t\t<\/div>\n\t\t\t\t\t<\/div>\n\t\t\t\t<\/div>\n\t\t<div class=\"elementor-element elementor-element-bc1f0bd e-flex e-con-boxed e-con e-parent\" data-id=\"bc1f0bd\" data-element_type=\"container\" data-e-type=\"container\">\n\t\t\t\t\t<div class=\"e-con-inner\">\n\t\t\t\t<div class=\"elementor-element elementor-element-646d31f elementor-align-center elementor-widget elementor-widget-button\" data-id=\"646d31f\" data-element_type=\"widget\" data-e-type=\"widget\" data-widget_type=\"button.default\">\n\t\t\t\t<div class=\"elementor-widget-container\">\n\t\t\t\t\t\t\t\t\t<div class=\"elementor-button-wrapper\">\n\t\t\t\t\t<a class=\"elementor-button elementor-button-link elementor-size-sm\" href=\"https:\/\/clphotography.fr\/?page_id=1266\">\n\t\t\t\t\t\t<span class=\"elementor-button-content-wrapper\">\n\t\t\t\t\t\t\t\t\t<span class=\"elementor-button-text\">Voir mon mat\u00e9riel<\/span>\n\t\t\t\t\t<\/span>\n\t\t\t\t\t<\/a>\n\t\t\t\t<\/div>\n\t\t\t\t\t\t\t\t<\/div>\n\t\t\t\t<\/div>\n\t\t\t\t\t<\/div>\n\t\t\t\t<\/div>\n\t\t\t\t<\/div>\n\t\t","protected":false},"excerpt":{"rendered":"<p>Mon mat\u00e9riel Bonjour \u00e0 toutes et \u00e0 tous. Tout d\u2019abord bienvenue et merci de visiter ce site. Je vais tenter de me pr\u00e9senter rapidement pour que nous fassions connaissance. Je m\u2019appelle Cyril Lecaille et je suis passionn\u00e9 de photo depuis mon enfance. A l\u2019\u00e9poque (et cela remonte \u00e0 pas mal de temps maintenant), je voyais [&hellip;]<\/p>\n","protected":false},"author":1,"featured_media":0,"parent":0,"menu_order":0,"comment_status":"closed","ping_status":"closed","template":"","meta":{"om_disable_all_campaigns":false,"_monsterinsights_skip_tracking":false,"_monsterinsights_sitenote_active":false,"_monsterinsights_sitenote_note":"","_monsterinsights_sitenote_category":0,"footnotes":""},"class_list":["post-1213","page","type-page","status-publish","hentry","entry"],"aioseo_notices":[],"_links":{"self":[{"href":"https:\/\/clphotography.fr\/index.php?rest_route=\/wp\/v2\/pages\/1213","targetHints":{"allow":["GET"]}}],"collection":[{"href":"https:\/\/clphotography.fr\/index.php?rest_route=\/wp\/v2\/pages"}],"about":[{"href":"https:\/\/clphotography.fr\/index.php?rest_route=\/wp\/v2\/types\/page"}],"author":[{"embeddable":true,"href":"https:\/\/clphotography.fr\/index.php?rest_route=\/wp\/v2\/users\/1"}],"replies":[{"embeddable":true,"href":"https:\/\/clphotography.fr\/index.php?rest_route=%2Fwp%2Fv2%2Fcomments&post=1213"}],"version-history":[{"count":67,"href":"https:\/\/clphotography.fr\/index.php?rest_route=\/wp\/v2\/pages\/1213\/revisions"}],"predecessor-version":[{"id":1387,"href":"https:\/\/clphotography.fr\/index.php?rest_route=\/wp\/v2\/pages\/1213\/revisions\/1387"}],"wp:attachment":[{"href":"https:\/\/clphotography.fr\/index.php?rest_route=%2Fwp%2Fv2%2Fmedia&parent=1213"}],"curies":[{"name":"wp","href":"https:\/\/api.w.org\/{rel}","templated":true}]}}