{"id":1931,"date":"2024-03-14T18:30:39","date_gmt":"2024-03-14T17:30:39","guid":{"rendered":"https:\/\/clphotography.fr\/?page_id=1931"},"modified":"2024-03-16T10:25:51","modified_gmt":"2024-03-16T09:25:51","slug":"rencontre-1","status":"publish","type":"page","link":"https:\/\/clphotography.fr\/?page_id=1931","title":{"rendered":"Nathalie Behague Interview"},"content":{"rendered":"\t\t<div data-elementor-type=\"wp-page\" data-elementor-id=\"1931\" class=\"elementor elementor-1931\" data-elementor-post-type=\"page\">\n\t\t\t\t<div class=\"elementor-element elementor-element-801371e e-con-full e-flex e-con e-parent\" data-id=\"801371e\" data-element_type=\"container\" data-e-type=\"container\">\n\t\t\t\t<div class=\"elementor-element elementor-element-d802d8e elementor-widget elementor-widget-spacer\" data-id=\"d802d8e\" data-element_type=\"widget\" data-e-type=\"widget\" data-widget_type=\"spacer.default\">\n\t\t\t\t<div class=\"elementor-widget-container\">\n\t\t\t\t\t\t\t<div class=\"elementor-spacer\">\n\t\t\t<div class=\"elementor-spacer-inner\"><\/div>\n\t\t<\/div>\n\t\t\t\t\t\t<\/div>\n\t\t\t\t<\/div>\n\t\t\t\t<div class=\"elementor-element elementor-element-3e6b5b2 elementor-widget elementor-widget-heading\" data-id=\"3e6b5b2\" data-element_type=\"widget\" data-e-type=\"widget\" data-widget_type=\"heading.default\">\n\t\t\t\t<div class=\"elementor-widget-container\">\n\t\t\t\t\t<h2 class=\"elementor-heading-title elementor-size-default\">Nathalie Behague-Dugay, Toy Photographer<br>(et bien plus encore....)<\/h2>\t\t\t\t<\/div>\n\t\t\t\t<\/div>\n\t\t\t\t<div class=\"elementor-element elementor-element-0647b3b elementor-widget elementor-widget-spacer\" data-id=\"0647b3b\" data-element_type=\"widget\" data-e-type=\"widget\" data-widget_type=\"spacer.default\">\n\t\t\t\t<div class=\"elementor-widget-container\">\n\t\t\t\t\t\t\t<div class=\"elementor-spacer\">\n\t\t\t<div class=\"elementor-spacer-inner\"><\/div>\n\t\t<\/div>\n\t\t\t\t\t\t<\/div>\n\t\t\t\t<\/div>\n\t\t\t\t<div class=\"elementor-element elementor-element-1788d5d elementor-widget elementor-widget-text-editor\" data-id=\"1788d5d\" data-element_type=\"widget\" data-e-type=\"widget\" data-widget_type=\"text-editor.default\">\n\t\t\t\t<div class=\"elementor-widget-container\">\n\t\t\t\t\t\t\t\t\t<p style=\"text-align: center;\"><strong>Rencontre avec une perle d\u2019Instagram, une vraie d\u00e9couverte et une belle rencontre photographique.<\/strong><\/p>\t\t\t\t\t\t\t\t<\/div>\n\t\t\t\t<\/div>\n\t\t\t\t<div class=\"elementor-element elementor-element-8a053a6 elementor-widget elementor-widget-image\" data-id=\"8a053a6\" data-element_type=\"widget\" data-e-type=\"widget\" data-widget_type=\"image.default\">\n\t\t\t\t<div class=\"elementor-widget-container\">\n\t\t\t\t\t\t\t\t\t\t\t\t\t\t\t<img fetchpriority=\"high\" decoding=\"async\" width=\"1200\" height=\"960\" src=\"https:\/\/clphotography.fr\/wp-content\/uploads\/2024\/03\/thumbnail_GROOT-NIRVANA-POCHETTE-DISQUE-FINAL-24.jpg\" class=\"attachment-large size-large wp-image-2155\" alt=\"\" srcset=\"https:\/\/clphotography.fr\/wp-content\/uploads\/2024\/03\/thumbnail_GROOT-NIRVANA-POCHETTE-DISQUE-FINAL-24.jpg 1655w, https:\/\/clphotography.fr\/wp-content\/uploads\/2024\/03\/thumbnail_GROOT-NIRVANA-POCHETTE-DISQUE-FINAL-24-1500x1200.jpg 1500w, https:\/\/clphotography.fr\/wp-content\/uploads\/2024\/03\/thumbnail_GROOT-NIRVANA-POCHETTE-DISQUE-FINAL-24-768x614.jpg 768w, https:\/\/clphotography.fr\/wp-content\/uploads\/2024\/03\/thumbnail_GROOT-NIRVANA-POCHETTE-DISQUE-FINAL-24-1536x1229.jpg 1536w, https:\/\/clphotography.fr\/wp-content\/uploads\/2024\/03\/thumbnail_GROOT-NIRVANA-POCHETTE-DISQUE-FINAL-24-1320x1056.jpg 1320w\" sizes=\"(max-width: 1200px) 100vw, 1200px\" \/>\t\t\t\t\t\t\t\t\t\t\t\t\t\t\t<\/div>\n\t\t\t\t<\/div>\n\t\t\t\t<\/div>\n\t\t<div class=\"elementor-element elementor-element-c8705c8 e-flex e-con-boxed e-con e-parent\" data-id=\"c8705c8\" data-element_type=\"container\" data-e-type=\"container\">\n\t\t\t\t\t<div class=\"e-con-inner\">\n\t\t\t\t<div class=\"elementor-element elementor-element-1ad114c elementor-widget elementor-widget-spacer\" data-id=\"1ad114c\" data-element_type=\"widget\" data-e-type=\"widget\" data-widget_type=\"spacer.default\">\n\t\t\t\t<div class=\"elementor-widget-container\">\n\t\t\t\t\t\t\t<div class=\"elementor-spacer\">\n\t\t\t<div class=\"elementor-spacer-inner\"><\/div>\n\t\t<\/div>\n\t\t\t\t\t\t<\/div>\n\t\t\t\t<\/div>\n\t\t\t\t<div class=\"elementor-element elementor-element-b02e106 elementor-widget elementor-widget-text-editor\" data-id=\"b02e106\" data-element_type=\"widget\" data-e-type=\"widget\" data-widget_type=\"text-editor.default\">\n\t\t\t\t<div class=\"elementor-widget-container\">\n\t\t\t\t\t\t\t\t\t<h2>Les r\u00e9seaux sociaux sont ce qu\u2019ils sont mais ils peuvent r\u00e9v\u00e9ler de belles surprises parfois. Au d\u00e9tour d\u2019une br\u00e8ve visite il y a quelques temps, l\u2019algorithme d\u2019Instagram me propose des images de Nathalie Behague-Dugay. Amus\u00e9 au d\u00e9but, j\u2019entreprends de visiter son compte. D\u2019amus\u00e9 je suis pass\u00e9 \u00e0 surpris puis \u00e0 s\u00e9duit par l\u2019inventivit\u00e9 de Nathalie. Les images sont dr\u00f4les, cr\u00e9atives, inspir\u00e9es et techniquement tr\u00e8s r\u00e9ussies. Je m\u2019abonne instantan\u00e9ment, rares sont les auteurs d\u2019un contenu comme celui-ci. Interview de l\u2019int\u00e9ress\u00e9e\u2026<\/h2><h1>\u00a0<\/h1><p><em><strong>&#8211; \u00ab Nathalie, peux-tu te pr\u00e9senter \u00e0 nos lecteurs ? \u00bb<\/strong><\/em><\/p><p>&#8211; Nathalie Behague-Dugay : \u00ab Bient\u00f4t quinqua, domicili\u00e9e dans les Hautes-Pyr\u00e9n\u00e9es, mari\u00e9e et maman de 2 adulescents, 1 chien, 1 chat et 2 carpes Ko\u00ef, j&rsquo;ai d\u00e9couvert la photographie par hasard il y a environ 3 ans. Autodidacte, je me suis alors plong\u00e9e dans la d\u00e9couverte des appareils photos num\u00e9riques et leur fonctionnement, qui, il faut le dire, est super complexe ! Les modes automatiques (pour moi \u00e7a n&rsquo;existait qu&rsquo;au niveau des essuies glace de la bagnole !) , &#8230;le mode priorit\u00e9 ?(elle n&rsquo;existe qu&rsquo;\u00e0 droite ?),\u00a0 le mode manuel&#8230; ?(surtout intellectuel j&rsquo;ai envie de dire), le triangle d&rsquo;exposition&#8230; ? (je sais pas j&rsquo;ai toujours \u00e9t\u00e9 nulle en g\u00e9om\u00e9trie)&#8230;bref au d\u00e9but je ne comprenais pas grand-chose, mais, au final je r\u00e9ussissais \u00e0 faire des images pas trop vilaines ! Il ne me restait maintenant qu&rsquo;\u00e0 trouver mon propre style photographique !\u00bb<\/p><p><em><strong>&#8211; \u00ab Comment en es tu arriv\u00e9e l\u00e0 ? \u00bb<\/strong><\/em><\/p><p>&#8211; Nathalie Behague-Dugay : \u00ab Tr\u00e8s vite, la macro photographie et le monde des miniatures entr\u00e8rent dans mon objectif ! Un monde imaginaire que je cr\u00e9e de toute pi\u00e8ce autour de ces figurines de 1 cm de hauteur. Partout o\u00f9 je le peux je les installe, sur des champignons, p\u00e2tisseries, bobine de fil etc. Mais ces photos m&rsquo;inspiraient tellement que dans ma t\u00eate naissaient au fur et \u00e0 mesure des histoires farfelues et des jeux de mots \u00e0 gogo (bon, un poil tir\u00e9 par les cheveux je l&rsquo;avoue) !<\/p><p>De l\u00e0 je me suis aussi lanc\u00e9e dans la TOY photographie&#8230; Je suis depuis peu membre de la TOY photo French force, une \u00e9quipe de photographes mettant en sc\u00e8nes des figurines articul\u00e9es&#8230;et non, il n&rsquo;y a pas d&rsquo;\u00e2ge pour s&rsquo;amuser avec des Legos ou Spider-Man&#8230; !!\u00bb<\/p><p><em><strong>&#8211; \u00ab Y a-t-il d\u2019autres domaines que tu aimes en photo ? \u00bb<\/strong><\/em><\/p><p>&#8211; Nathalie Behague-Dugay : \u00ab Mis \u00e0 part m&rsquo;amuser avec des miniatures j&rsquo;aime aussi photographier les insectes et autres animaux traversant le jardin ou autres parcs. J&rsquo;ai d&rsquo;ailleurs eu l&rsquo;honneur d&rsquo;avoir 2 photos laur\u00e9ates qui sont parues dans PHOTO magazine&#8230;pas peu fi\u00e8re la fille&#8230;\ud83d\ude02<\/p><p>Alors voil\u00e0 aujourd&rsquo;hui,\u00a0je partage\u00a0avec vous mon travail, mes mignonneries comme je les appelle, qui donnent j&rsquo;ai envie de dire : du sourire aux yeux \u2026\u00bb<\/p><p><em><strong>&#8211; \u00ab Cot\u00e9 mat\u00e9riel (photographique et logiciel), qu\u2019utilises tu pour r\u00e9aliser tes images ?\u00bb<\/strong><\/em><\/p><p>&#8211; Nathalie Behague-Dugay : \u00ab J&rsquo; ai un bo\u00eetier Nikon D5600 et un objectif 105mm Nikkor pour la macro avec flash cobra SB600 et diffuseur. Puis apr\u00e8s objectifs 70-300 et 10-20 que j\u2019utilise moins.<\/p><p>Je r\u00e9alise les photos en lumi\u00e8re naturelle si possible ou bo\u00eete \u00e0 lumi\u00e8re. Ma maison est mon studio. Je shoote partout. J\u2019ai la chance d\u2019avoir aussi un bassin autour duquel je fais pas mal de photos, \u00e7a donne un joli bokeh. En ce qui concerne la partie logiciel, j&rsquo;utilise In Pixio, Lightroom et Photoshop.\u00bb<\/p><p><em><strong>&#8211; \u00ab Tu nous disais que certaines de tes images avaient \u00e9t\u00e9 prim\u00e9es. Peux-tu nous en dire plus ?\u00bb<\/strong><\/em><\/p><p>&#8211; Nathalie Behague-Dugay : \u00abDeux de mes photos ont \u00e9t\u00e9 publi\u00e9es sur Photo magazine pour la 41\u00e8me et 42\u00e8me \u00e9dition du \u00ab\u00a0plus grand concours photo du monde\u00a0\u00bb (qu&rsquo;ils disent eux). Cat\u00e9gorie \u00ab\u00a0Animaux\u00a0\u00bb pour la patte en 2022 et cat\u00e9gorie \u00ab\u00a0Autres Mondes\u00a0\u00bb en 2023 pour mes plongeurs.\u00a0\u00bb<\/p>\t\t\t\t\t\t\t\t<\/div>\n\t\t\t\t<\/div>\n\t\t\t\t<div class=\"elementor-element elementor-element-c9702ca elementor-widget elementor-widget-spacer\" data-id=\"c9702ca\" data-element_type=\"widget\" data-e-type=\"widget\" data-widget_type=\"spacer.default\">\n\t\t\t\t<div class=\"elementor-widget-container\">\n\t\t\t\t\t\t\t<div class=\"elementor-spacer\">\n\t\t\t<div class=\"elementor-spacer-inner\"><\/div>\n\t\t<\/div>\n\t\t\t\t\t\t<\/div>\n\t\t\t\t<\/div>\n\t\t\t\t\t<\/div>\n\t\t\t\t<\/div>\n\t\t<div class=\"elementor-element elementor-element-d2f5eb4 e-flex e-con-boxed e-con e-parent\" data-id=\"d2f5eb4\" data-element_type=\"container\" data-e-type=\"container\">\n\t\t\t\t\t<div class=\"e-con-inner\">\n\t\t\t\t<div class=\"elementor-element elementor-element-72c851e elementor-widget elementor-widget-image\" data-id=\"72c851e\" data-element_type=\"widget\" data-e-type=\"widget\" data-widget_type=\"image.default\">\n\t\t\t\t<div class=\"elementor-widget-container\">\n\t\t\t\t\t\t\t\t\t\t\t\t<figure class=\"wp-caption\">\n\t\t\t\t\t\t\t\t\t\t\t<a href=\"http:\/\/clphotography.fr\/wp-content\/uploads\/2024\/03\/THERMOMETRE-PLONGEURS-23-1-scaled.jpg\" data-elementor-open-lightbox=\"yes\" data-e-action-hash=\"#elementor-action%3Aaction%3Dlightbox%26settings%3DeyJpZCI6MTk5NSwidXJsIjoiaHR0cHM6XC9cL2NscGhvdG9ncmFwaHkuZnJcL3dwLWNvbnRlbnRcL3VwbG9hZHNcLzIwMjRcLzAzXC9USEVSTU9NRVRSRS1QTE9OR0VVUlMtMjMtMS1zY2FsZWQuanBnIn0%3D\">\n\t\t\t\t\t\t\t<img decoding=\"async\" width=\"600\" height=\"600\" src=\"https:\/\/clphotography.fr\/wp-content\/uploads\/2024\/03\/THERMOMETRE-PLONGEURS-23-1-600x600.jpg\" class=\"attachment-ocean-thumb-m size-ocean-thumb-m wp-image-1995\" alt=\"Plongeurs thermom\u00e8tre\" srcset=\"https:\/\/clphotography.fr\/wp-content\/uploads\/2024\/03\/THERMOMETRE-PLONGEURS-23-1-600x600.jpg 600w, https:\/\/clphotography.fr\/wp-content\/uploads\/2024\/03\/THERMOMETRE-PLONGEURS-23-1-150x150.jpg 150w\" sizes=\"(max-width: 600px) 100vw, 600px\" \/>\t\t\t\t\t\t\t\t<\/a>\n\t\t\t\t\t\t\t\t\t\t\t<figcaption class=\"widget-image-caption wp-caption-text\">Temp\u00e9ratures sous hot surveillance  - Photo Magazine 42\u00e8me \u00e9dition - Cat. \"Autres Mondes\" <\/figcaption>\n\t\t\t\t\t\t\t\t\t\t<\/figure>\n\t\t\t\t\t\t\t\t\t<\/div>\n\t\t\t\t<\/div>\n\t\t\t\t<div class=\"elementor-element elementor-element-f851364 elementor-widget elementor-widget-image\" data-id=\"f851364\" data-element_type=\"widget\" data-e-type=\"widget\" data-widget_type=\"image.default\">\n\t\t\t\t<div class=\"elementor-widget-container\">\n\t\t\t\t\t\t\t\t\t\t\t\t<figure class=\"wp-caption\">\n\t\t\t\t\t\t\t\t\t\t\t<a href=\"http:\/\/clphotography.fr\/wp-content\/uploads\/2024\/03\/MAIN-SINGE-GROS-PLAN.jpg\" data-elementor-open-lightbox=\"yes\" data-e-action-hash=\"#elementor-action%3Aaction%3Dlightbox%26settings%3DeyJpZCI6MTk5NCwidXJsIjoiaHR0cHM6XC9cL2NscGhvdG9ncmFwaHkuZnJcL3dwLWNvbnRlbnRcL3VwbG9hZHNcLzIwMjRcLzAzXC9NQUlOLVNJTkdFLUdST1MtUExBTi5qcGcifQ%3D%3D\">\n\t\t\t\t\t\t\t<img decoding=\"async\" width=\"600\" height=\"600\" src=\"https:\/\/clphotography.fr\/wp-content\/uploads\/2024\/03\/MAIN-SINGE-GROS-PLAN-600x600.jpg\" class=\"attachment-ocean-thumb-m size-ocean-thumb-m wp-image-1994\" alt=\"Patte de singe\" srcset=\"https:\/\/clphotography.fr\/wp-content\/uploads\/2024\/03\/MAIN-SINGE-GROS-PLAN-600x600.jpg 600w, https:\/\/clphotography.fr\/wp-content\/uploads\/2024\/03\/MAIN-SINGE-GROS-PLAN-150x150.jpg 150w\" sizes=\"(max-width: 600px) 100vw, 600px\" \/>\t\t\t\t\t\t\t\t<\/a>\n\t\t\t\t\t\t\t\t\t\t\t<figcaption class=\"widget-image-caption wp-caption-text\">Si semblables - Photo Magazine 41\u00e8me \u00e9dition - Cat. \"Animaux\" <\/figcaption>\n\t\t\t\t\t\t\t\t\t\t<\/figure>\n\t\t\t\t\t\t\t\t\t<\/div>\n\t\t\t\t<\/div>\n\t\t\t\t\t<\/div>\n\t\t\t\t<\/div>\n\t\t<div class=\"elementor-element elementor-element-7a98523 e-flex e-con-boxed e-con e-parent\" data-id=\"7a98523\" data-element_type=\"container\" data-e-type=\"container\">\n\t\t\t\t\t<div class=\"e-con-inner\">\n\t\t\t\t<div class=\"elementor-element elementor-element-b0a4741 elementor-widget elementor-widget-text-editor\" data-id=\"b0a4741\" data-element_type=\"widget\" data-e-type=\"widget\" data-widget_type=\"text-editor.default\">\n\t\t\t\t<div class=\"elementor-widget-container\">\n\t\t\t\t\t\t\t\t\t<p>Vous pouvez retrouver le travail de Nathalie sur les r\u00e9seaux sociaux :<\/p><p>FB : <a href=\"https:\/\/www.facebook.com\/nathalie.behaguedugay\">Nathalie Behague-Dugay<\/a><br \/>Instagram : <a href=\"https:\/\/www.instagram.com\/groot_and_nathy_toys\/\">groot_and_nathy_toys<\/a><\/p><p>Et voir une partie de son univers <a href=\"https:\/\/clphotography.fr\/?page_id=2045\">ici<\/a>&#8230;<\/p>\t\t\t\t\t\t\t\t<\/div>\n\t\t\t\t<\/div>\n\t\t\t\t<div class=\"elementor-element elementor-element-5bd852e elementor-widget elementor-widget-spacer\" data-id=\"5bd852e\" data-element_type=\"widget\" data-e-type=\"widget\" data-widget_type=\"spacer.default\">\n\t\t\t\t<div class=\"elementor-widget-container\">\n\t\t\t\t\t\t\t<div class=\"elementor-spacer\">\n\t\t\t<div class=\"elementor-spacer-inner\"><\/div>\n\t\t<\/div>\n\t\t\t\t\t\t<\/div>\n\t\t\t\t<\/div>\n\t\t\t\t\t<\/div>\n\t\t\t\t<\/div>\n\t\t\t\t<\/div>\n\t\t","protected":false},"excerpt":{"rendered":"<p>Nathalie Behague-Dugay, Toy Photographer(et bien plus encore&#8230;.) Rencontre avec une perle d\u2019Instagram, une vraie d\u00e9couverte et une belle rencontre photographique. Les r\u00e9seaux sociaux sont ce qu\u2019ils sont mais ils peuvent r\u00e9v\u00e9ler de belles surprises parfois. Au d\u00e9tour d\u2019une br\u00e8ve visite il y a quelques temps, l\u2019algorithme d\u2019Instagram me propose des images de Nathalie Behague-Dugay. Amus\u00e9 [&hellip;]<\/p>\n","protected":false},"author":1,"featured_media":0,"parent":0,"menu_order":0,"comment_status":"closed","ping_status":"closed","template":"","meta":{"om_disable_all_campaigns":false,"_monsterinsights_skip_tracking":false,"_monsterinsights_sitenote_active":false,"_monsterinsights_sitenote_note":"","_monsterinsights_sitenote_category":0,"footnotes":""},"class_list":["post-1931","page","type-page","status-publish","hentry","entry"],"aioseo_notices":[],"_links":{"self":[{"href":"https:\/\/clphotography.fr\/index.php?rest_route=\/wp\/v2\/pages\/1931","targetHints":{"allow":["GET"]}}],"collection":[{"href":"https:\/\/clphotography.fr\/index.php?rest_route=\/wp\/v2\/pages"}],"about":[{"href":"https:\/\/clphotography.fr\/index.php?rest_route=\/wp\/v2\/types\/page"}],"author":[{"embeddable":true,"href":"https:\/\/clphotography.fr\/index.php?rest_route=\/wp\/v2\/users\/1"}],"replies":[{"embeddable":true,"href":"https:\/\/clphotography.fr\/index.php?rest_route=%2Fwp%2Fv2%2Fcomments&post=1931"}],"version-history":[{"count":162,"href":"https:\/\/clphotography.fr\/index.php?rest_route=\/wp\/v2\/pages\/1931\/revisions"}],"predecessor-version":[{"id":2234,"href":"https:\/\/clphotography.fr\/index.php?rest_route=\/wp\/v2\/pages\/1931\/revisions\/2234"}],"wp:attachment":[{"href":"https:\/\/clphotography.fr\/index.php?rest_route=%2Fwp%2Fv2%2Fmedia&parent=1931"}],"curies":[{"name":"wp","href":"https:\/\/api.w.org\/{rel}","templated":true}]}}