{"id":2045,"date":"2024-03-15T11:57:50","date_gmt":"2024-03-15T10:57:50","guid":{"rendered":"https:\/\/clphotography.fr\/?page_id=2045"},"modified":"2024-03-16T09:49:34","modified_gmt":"2024-03-16T08:49:34","slug":"nathalie-behague-images","status":"publish","type":"page","link":"https:\/\/clphotography.fr\/?page_id=2045","title":{"rendered":"Nathalie Behague Images"},"content":{"rendered":"\t\t<div data-elementor-type=\"wp-page\" data-elementor-id=\"2045\" class=\"elementor elementor-2045\" data-elementor-post-type=\"page\">\n\t\t\t\t<div class=\"elementor-element elementor-element-d8076d0 e-flex e-con-boxed e-con e-parent\" data-id=\"d8076d0\" data-element_type=\"container\" data-e-type=\"container\">\n\t\t\t\t\t<div class=\"e-con-inner\">\n\t\t\t\t<div class=\"elementor-element elementor-element-10a196d elementor-widget elementor-widget-spacer\" data-id=\"10a196d\" data-element_type=\"widget\" data-e-type=\"widget\" data-widget_type=\"spacer.default\">\n\t\t\t\t<div class=\"elementor-widget-container\">\n\t\t\t\t\t\t\t<div class=\"elementor-spacer\">\n\t\t\t<div class=\"elementor-spacer-inner\"><\/div>\n\t\t<\/div>\n\t\t\t\t\t\t<\/div>\n\t\t\t\t<\/div>\n\t\t\t\t<div class=\"elementor-element elementor-element-f4ac868 elementor-widget elementor-widget-heading\" data-id=\"f4ac868\" data-element_type=\"widget\" data-e-type=\"widget\" data-widget_type=\"heading.default\">\n\t\t\t\t<div class=\"elementor-widget-container\">\n\t\t\t\t\t<h2 class=\"elementor-heading-title elementor-size-default\">L'univers de Nathalie Behague-Dugay<\/h2>\t\t\t\t<\/div>\n\t\t\t\t<\/div>\n\t\t\t\t<div class=\"elementor-element elementor-element-b8d2f1a elementor-widget elementor-widget-spacer\" data-id=\"b8d2f1a\" data-element_type=\"widget\" data-e-type=\"widget\" data-widget_type=\"spacer.default\">\n\t\t\t\t<div class=\"elementor-widget-container\">\n\t\t\t\t\t\t\t<div class=\"elementor-spacer\">\n\t\t\t<div class=\"elementor-spacer-inner\"><\/div>\n\t\t<\/div>\n\t\t\t\t\t\t<\/div>\n\t\t\t\t<\/div>\n\t\t\t\t\t<\/div>\n\t\t\t\t<\/div>\n\t\t<div class=\"elementor-element elementor-element-a5c1be5 e-flex e-con-boxed e-con e-parent\" data-id=\"a5c1be5\" data-element_type=\"container\" data-e-type=\"container\">\n\t\t\t\t\t<div class=\"e-con-inner\">\n\t\t\t\t<div class=\"elementor-element elementor-element-20e5d64 elementor-widget elementor-widget-image\" data-id=\"20e5d64\" data-element_type=\"widget\" data-e-type=\"widget\" data-widget_type=\"image.default\">\n\t\t\t\t<div class=\"elementor-widget-container\">\n\t\t\t\t\t\t\t\t\t\t\t\t\t\t\t<img fetchpriority=\"high\" decoding=\"async\" width=\"1200\" height=\"1500\" src=\"https:\/\/clphotography.fr\/wp-content\/uploads\/2024\/03\/MINIATURES-CIGARETTE-PORTRAIT-23-3456x4320.jpg\" class=\"attachment-large size-large wp-image-1865\" alt=\"Miniatures cigarette\" srcset=\"https:\/\/clphotography.fr\/wp-content\/uploads\/2024\/03\/MINIATURES-CIGARETTE-PORTRAIT-23-3456x4320.jpg 3456w, https:\/\/clphotography.fr\/wp-content\/uploads\/2024\/03\/MINIATURES-CIGARETTE-PORTRAIT-23-960x1200.jpg 960w, https:\/\/clphotography.fr\/wp-content\/uploads\/2024\/03\/MINIATURES-CIGARETTE-PORTRAIT-23-768x960.jpg 768w, https:\/\/clphotography.fr\/wp-content\/uploads\/2024\/03\/MINIATURES-CIGARETTE-PORTRAIT-23-1229x1536.jpg 1229w, https:\/\/clphotography.fr\/wp-content\/uploads\/2024\/03\/MINIATURES-CIGARETTE-PORTRAIT-23-1638x2048.jpg 1638w, https:\/\/clphotography.fr\/wp-content\/uploads\/2024\/03\/MINIATURES-CIGARETTE-PORTRAIT-23-1320x1650.jpg 1320w, https:\/\/clphotography.fr\/wp-content\/uploads\/2024\/03\/MINIATURES-CIGARETTE-PORTRAIT-23-scaled.jpg 2048w\" sizes=\"(max-width: 1200px) 100vw, 1200px\" \/>\t\t\t\t\t\t\t\t\t\t\t\t\t\t\t<\/div>\n\t\t\t\t<\/div>\n\t\t\t\t\t<\/div>\n\t\t\t\t<\/div>\n\t\t<div class=\"elementor-element elementor-element-c3f53bb e-flex e-con-boxed e-con e-parent\" data-id=\"c3f53bb\" data-element_type=\"container\" data-e-type=\"container\">\n\t\t\t\t\t<div class=\"e-con-inner\">\n\t\t\t\t<div class=\"elementor-element elementor-element-ad453dd elementor-widget elementor-widget-text-editor\" data-id=\"ad453dd\" data-element_type=\"widget\" data-e-type=\"widget\" data-widget_type=\"text-editor.default\">\n\t\t\t\t<div class=\"elementor-widget-container\">\n\t\t\t\t\t\t\t\t\t<div class=\"x_ox-9221d3c1e8-gmail_extra\"><div class=\"x_ox-9221d3c1e8-gmail_quote\"><div dir=\"ltr\"><div><p>Pour les fumeurs, cette NEWS va faire un tabac&#8230;! Les experts PHILIP &amp; MORRIS ont mis le paquet et ont recueilli PALL MALL d&rsquo;indices&#8230;Ils attendent d\u00e9sormais le MARSHAL de WINSTON alias ROTHMAN (oui il a tendance \u00e0 souffrir de flatulences buccales et prend beaucoup du VOGUE haleine?)&#8230;.qui peut-\u00eatre avec un peu de LUCKY fera un beau STRIKE&#8230;?!! En effet, bient\u00f4t nous saurons CIGARETTE est coupable d&rsquo;avoir repris la clope&#8230;.ou alors est-ce peut-\u00eatre Peter ? Stuyves ? Ant ?&#8230; ou bien encore Camel ??&#8230;quel chameau !!! En tout cas il sont tous MALBORO&#8230;heu mal barr\u00e9s&#8230;car comme on dit si bien&#8230;\u00a0\u00bble tabac c&rsquo;est tabou on en viendra tous \u00e0 bout !!\u00a0\u00bb C&rsquo;\u00e9tait J. TANE pour les bureaux JPS<\/p><\/div><\/div><\/div><\/div>\t\t\t\t\t\t\t\t<\/div>\n\t\t\t\t<\/div>\n\t\t\t\t\t<\/div>\n\t\t\t\t<\/div>\n\t\t<div class=\"elementor-element elementor-element-d335e68 e-flex e-con-boxed e-con e-parent\" data-id=\"d335e68\" data-element_type=\"container\" data-e-type=\"container\">\n\t\t\t\t\t<div class=\"e-con-inner\">\n\t\t\t\t<div class=\"elementor-element elementor-element-e4e6d52 elementor-widget elementor-widget-spacer\" data-id=\"e4e6d52\" data-element_type=\"widget\" data-e-type=\"widget\" data-widget_type=\"spacer.default\">\n\t\t\t\t<div class=\"elementor-widget-container\">\n\t\t\t\t\t\t\t<div class=\"elementor-spacer\">\n\t\t\t<div class=\"elementor-spacer-inner\"><\/div>\n\t\t<\/div>\n\t\t\t\t\t\t<\/div>\n\t\t\t\t<\/div>\n\t\t\t\t<div class=\"elementor-element elementor-element-d158f54 elementor-widget elementor-widget-image\" data-id=\"d158f54\" data-element_type=\"widget\" data-e-type=\"widget\" data-widget_type=\"image.default\">\n\t\t\t\t<div class=\"elementor-widget-container\">\n\t\t\t\t\t\t\t\t\t\t\t\t\t\t\t<img decoding=\"async\" width=\"1200\" height=\"1800\" src=\"https:\/\/clphotography.fr\/wp-content\/uploads\/2024\/03\/MINIATURES-VIRUS-FINAL-scaled.jpg\" class=\"attachment-large size-large wp-image-1866\" alt=\"Miniature virus\" srcset=\"https:\/\/clphotography.fr\/wp-content\/uploads\/2024\/03\/MINIATURES-VIRUS-FINAL-scaled.jpg 1707w, https:\/\/clphotography.fr\/wp-content\/uploads\/2024\/03\/MINIATURES-VIRUS-FINAL-800x1200.jpg 800w, https:\/\/clphotography.fr\/wp-content\/uploads\/2024\/03\/MINIATURES-VIRUS-FINAL-768x1152.jpg 768w, https:\/\/clphotography.fr\/wp-content\/uploads\/2024\/03\/MINIATURES-VIRUS-FINAL-1024x1536.jpg 1024w, https:\/\/clphotography.fr\/wp-content\/uploads\/2024\/03\/MINIATURES-VIRUS-FINAL-1366x2048.jpg 1366w, https:\/\/clphotography.fr\/wp-content\/uploads\/2024\/03\/MINIATURES-VIRUS-FINAL-1320x1979.jpg 1320w\" sizes=\"(max-width: 1200px) 100vw, 1200px\" \/>\t\t\t\t\t\t\t\t\t\t\t\t\t\t\t<\/div>\n\t\t\t\t<\/div>\n\t\t\t\t\t<\/div>\n\t\t\t\t<\/div>\n\t\t<div class=\"elementor-element elementor-element-73a4b38 e-flex e-con-boxed e-con e-parent\" data-id=\"73a4b38\" data-element_type=\"container\" data-e-type=\"container\">\n\t\t\t\t\t<div class=\"e-con-inner\">\n\t\t\t\t<div class=\"elementor-element elementor-element-5044d15 elementor-widget elementor-widget-text-editor\" data-id=\"5044d15\" data-element_type=\"widget\" data-e-type=\"widget\" data-widget_type=\"text-editor.default\">\n\t\t\t\t<div class=\"elementor-widget-container\">\n\t\t\t\t\t\t\t\t\t<div class=\"x_ox-9221d3c1e8-gmail_extra\"><div class=\"x_ox-9221d3c1e8-gmail_quote\"><div dir=\"ltr\"><div><p>Pour les hypocondriaque&#8230; (&#8230;pr\u00e9sence de jeux de maux ++) Selon notre Envoy\u00e9 Sp\u00e9cial R.P\u00c8S,&#8230; il semblerait qu &lsquo;un nouveau Virus ait \u00e9t\u00e9 d\u00e9couvert au pays de la CORONA&#8230; &#8230;Les c\u00e9l\u00e8bres agents infectieux Pat HOGENES et L\u00e9vy RUS, &#8230;sont d\u00e9j\u00e0 sur le terrain !&#8230; &#8230;Mais attention la concurrence est l\u00e0 ! En effet le virologue \u201cBACK Terry\u201d est aussi sur le coup et il semblerait qu&rsquo; il ait la \u201cRage \u201dcontre eux !!&#8230;&#8230;Mais Pourquoi donc ?? &#8230; &#8230;La rumeur dit que ce dernier les aurait pris en \u201cGrippe\u201d depuis qu&rsquo;ils auraient mis par erreur un de ses \u00ab\u00a0H\u00f4tes\u201c en \u201dCellule\u00a0\u00bb!! &#8230;Cons\u00e9quence, le \u201cVIH\u201d (VERY IMPORTANT H\u00d4TE) n&rsquo;aurait pas \u00e9t\u00e9 consid\u00e9r\u00e9 comme VIP et m\u00eame pire, n&rsquo;aurait eu que du \u00ab\u00a0Pand\u00e9mie\u00a0\u00bb sans cro\u00fbte en guise de repas&#8230;!&#8230; \u00ab\u00a0Une honte selon lui !\u00a0\u00bb Depuis ce coup de sang, ils constatent qu&rsquo; \u00ab\u00a0iatrog\u00e9ne\u00a0\u00bb entre eux pour continuer \u00e0 collaborer \u2026 ! &#8230;Alors au final qui \u201cSRAS\u201d le prochain chercheur \u00e0 finalement trouver quel est ce virus&#8230;? Apr\u00e8s un Papi, peut \u00eatre une mamillomavirus ? Apr\u00e8s Ebola peut \u00eatre Epasibola ?? &#8230; Affaire \u00e0 suivre&#8230;! C&rsquo;\u00e9tait Fid\u00e8le \u00ab\u00a0GASTRO and T.RITE\u201c pour \u201dYELLOW FEVER\u00a0\u00bb Magazine<\/p><\/div><\/div><\/div><\/div>\t\t\t\t\t\t\t\t<\/div>\n\t\t\t\t<\/div>\n\t\t\t\t\t<\/div>\n\t\t\t\t<\/div>\n\t\t<div class=\"elementor-element elementor-element-be56abf e-flex e-con-boxed e-con e-parent\" data-id=\"be56abf\" data-element_type=\"container\" data-e-type=\"container\">\n\t\t\t\t\t<div class=\"e-con-inner\">\n\t\t\t\t<div class=\"elementor-element elementor-element-fa1ff35 elementor-widget elementor-widget-spacer\" data-id=\"fa1ff35\" data-element_type=\"widget\" data-e-type=\"widget\" data-widget_type=\"spacer.default\">\n\t\t\t\t<div class=\"elementor-widget-container\">\n\t\t\t\t\t\t\t<div class=\"elementor-spacer\">\n\t\t\t<div class=\"elementor-spacer-inner\"><\/div>\n\t\t<\/div>\n\t\t\t\t\t\t<\/div>\n\t\t\t\t<\/div>\n\t\t\t\t<div class=\"elementor-element elementor-element-f8b6051 elementor-widget elementor-widget-image\" data-id=\"f8b6051\" data-element_type=\"widget\" data-e-type=\"widget\" data-widget_type=\"image.default\">\n\t\t\t\t<div class=\"elementor-widget-container\">\n\t\t\t\t\t\t\t\t\t\t\t\t\t\t\t<img decoding=\"async\" width=\"1200\" height=\"1800\" src=\"https:\/\/clphotography.fr\/wp-content\/uploads\/2024\/03\/CYCLISTES-KODAK-PORTRAIT-scaled.jpg\" class=\"attachment-large size-large wp-image-1862\" alt=\"\" srcset=\"https:\/\/clphotography.fr\/wp-content\/uploads\/2024\/03\/CYCLISTES-KODAK-PORTRAIT-scaled.jpg 1707w, https:\/\/clphotography.fr\/wp-content\/uploads\/2024\/03\/CYCLISTES-KODAK-PORTRAIT-800x1200.jpg 800w, https:\/\/clphotography.fr\/wp-content\/uploads\/2024\/03\/CYCLISTES-KODAK-PORTRAIT-768x1152.jpg 768w, https:\/\/clphotography.fr\/wp-content\/uploads\/2024\/03\/CYCLISTES-KODAK-PORTRAIT-1024x1536.jpg 1024w, https:\/\/clphotography.fr\/wp-content\/uploads\/2024\/03\/CYCLISTES-KODAK-PORTRAIT-1365x2048.jpg 1365w, https:\/\/clphotography.fr\/wp-content\/uploads\/2024\/03\/CYCLISTES-KODAK-PORTRAIT-1320x1980.jpg 1320w\" sizes=\"(max-width: 1200px) 100vw, 1200px\" \/>\t\t\t\t\t\t\t\t\t\t\t\t\t\t\t<\/div>\n\t\t\t\t<\/div>\n\t\t\t\t\t<\/div>\n\t\t\t\t<\/div>\n\t\t<div class=\"elementor-element elementor-element-5697f9f e-flex e-con-boxed e-con e-parent\" data-id=\"5697f9f\" data-element_type=\"container\" data-e-type=\"container\">\n\t\t\t\t\t<div class=\"e-con-inner\">\n\t\t\t\t<div class=\"elementor-element elementor-element-fe7b961 elementor-widget elementor-widget-text-editor\" data-id=\"fe7b961\" data-element_type=\"widget\" data-e-type=\"widget\" data-widget_type=\"text-editor.default\">\n\t\t\t\t<div class=\"elementor-widget-container\">\n\t\t\t\t\t\t\t\t\t<div class=\"x_ox-9221d3c1e8-gmail_extra\"><div class=\"x_ox-9221d3c1e8-gmail_quote\"><div dir=\"ltr\"><div><p>27\u00e8me KODAK &lsquo;Cup \u00e0 ISO 2000 Apr\u00e8s avoir eu un Flash et enfin chass\u00e9 tout le N\u00e9gatif&#8230; &#8230;le coureur Bob INE fit une bonne Mise au point et prit les bonnes R\u00e9solutions pour atteindre son Objectif : &#8230;En effet, attaquer dans les Courbes, &#8230;g\u00e9rer sa Vitesse&#8230; et ma\u00eetriser ses Temps de pose&#8230;c&rsquo;\u00e9tait d\u00e9sormais sa Priorit\u00e9 !! Il allait avoir aussi le bon R\u00e9flex de garder son adversaire dans le Collimateur &#8230; car il savait que ce dernier avait un Grain&#8230; et que tr\u00e8s vite il Saturerait et serait compl\u00e8tement Cram\u00e9 ! Bob INE, tout en restant Focalis\u00e9, allait remonter sans un Bruit&#8230; pour enfin prendre de la Distance et cr\u00e9er le Contraste&#8230; !!! A l&rsquo;arriv\u00e9e, &#8230; (clic, clac KODAK c&rsquo;\u00e9tait dans la bo\u00eete ) &#8230;il n&rsquo;y avait pas Photo &#8230;&#8230;la Pellicule d&rsquo;or \u00e9tait pour lui !! Quant \u00e0 Raymond POLARO\u00cfD, l&rsquo; \u00e9ternel second, il aura beau se refaire le Film, &#8230; il devra automatiquement, se contenter &#8230; de la Pellicule d&rsquo;Argent ! Mais tout le monde se pose la question : y aura-t-il une revanche au Mont VENTOUSE ou au Mont FUJI&rsquo;FILM ? Voil\u00e0 un sujet qui sera forc\u00e9ment &#8230;\u00e0 D\u00e9velopper ! En attendant ne paNIKON pas &#8230; ils iront certainement boire une CANON ensemble&#8230;<\/p><\/div><\/div><\/div><\/div>\t\t\t\t\t\t\t\t<\/div>\n\t\t\t\t<\/div>\n\t\t\t\t<div class=\"elementor-element elementor-element-9399ef0 elementor-widget elementor-widget-spacer\" data-id=\"9399ef0\" data-element_type=\"widget\" data-e-type=\"widget\" data-widget_type=\"spacer.default\">\n\t\t\t\t<div class=\"elementor-widget-container\">\n\t\t\t\t\t\t\t<div class=\"elementor-spacer\">\n\t\t\t<div class=\"elementor-spacer-inner\"><\/div>\n\t\t<\/div>\n\t\t\t\t\t\t<\/div>\n\t\t\t\t<\/div>\n\t\t\t\t<div class=\"elementor-element elementor-element-77c71a3 elementor-widget elementor-widget-text-editor\" data-id=\"77c71a3\" data-element_type=\"widget\" data-e-type=\"widget\" data-widget_type=\"text-editor.default\">\n\t\t\t\t<div class=\"elementor-widget-container\">\n\t\t\t\t\t\t\t\t\t<p>Extrait de la galerie de Nathalie<\/p>\t\t\t\t\t\t\t\t<\/div>\n\t\t\t\t<\/div>\n\t\t\t\t<div class=\"elementor-element elementor-element-0e2e703 elementor-widget elementor-widget-spacer\" data-id=\"0e2e703\" data-element_type=\"widget\" data-e-type=\"widget\" data-widget_type=\"spacer.default\">\n\t\t\t\t<div class=\"elementor-widget-container\">\n\t\t\t\t\t\t\t<div class=\"elementor-spacer\">\n\t\t\t<div class=\"elementor-spacer-inner\"><\/div>\n\t\t<\/div>\n\t\t\t\t\t\t<\/div>\n\t\t\t\t<\/div>\n\t\t\t\t\t<\/div>\n\t\t\t\t<\/div>\n\t\t<div class=\"elementor-element elementor-element-37c7d52 e-flex e-con-boxed e-con e-parent\" data-id=\"37c7d52\" data-element_type=\"container\" data-e-type=\"container\">\n\t\t\t\t\t<div class=\"e-con-inner\">\n\t\t\t\t<div class=\"elementor-element elementor-element-f3d6c82 elementor-widget elementor-widget-gallery\" data-id=\"f3d6c82\" data-element_type=\"widget\" data-e-type=\"widget\" data-settings=\"{&quot;columns_mobile&quot;:3,&quot;lazyload&quot;:&quot;yes&quot;,&quot;gallery_layout&quot;:&quot;grid&quot;,&quot;columns&quot;:4,&quot;columns_tablet&quot;:2,&quot;gap&quot;:{&quot;unit&quot;:&quot;px&quot;,&quot;size&quot;:10,&quot;sizes&quot;:[]},&quot;gap_tablet&quot;:{&quot;unit&quot;:&quot;px&quot;,&quot;size&quot;:10,&quot;sizes&quot;:[]},&quot;gap_mobile&quot;:{&quot;unit&quot;:&quot;px&quot;,&quot;size&quot;:10,&quot;sizes&quot;:[]},&quot;link_to&quot;:&quot;file&quot;,&quot;aspect_ratio&quot;:&quot;3:2&quot;,&quot;overlay_background&quot;:&quot;yes&quot;,&quot;content_hover_animation&quot;:&quot;fade-in&quot;}\" data-widget_type=\"gallery.default\">\n\t\t\t\t<div class=\"elementor-widget-container\">\n\t\t\t\t\t\t\t<div class=\"elementor-gallery__container\">\n\t\t\t\t\t\t\t<a class=\"e-gallery-item elementor-gallery-item elementor-animated-content\" href=\"https:\/\/clphotography.fr\/wp-content\/uploads\/2024\/03\/THERMOMETRE-PLONGEURS-23-1-scaled.jpg\" data-elementor-open-lightbox=\"yes\" data-elementor-lightbox-slideshow=\"f3d6c82\" data-e-action-hash=\"#elementor-action%3Aaction%3Dlightbox%26settings%3DeyJpZCI6MTk5NSwidXJsIjoiaHR0cHM6XC9cL2NscGhvdG9ncmFwaHkuZnJcL3dwLWNvbnRlbnRcL3VwbG9hZHNcLzIwMjRcLzAzXC9USEVSTU9NRVRSRS1QTE9OR0VVUlMtMjMtMS1zY2FsZWQuanBnIiwic2xpZGVzaG93IjoiZjNkNmM4MiJ9\">\n\t\t\t\t\t<div class=\"e-gallery-image elementor-gallery-item__image\" data-thumbnail=\"https:\/\/clphotography.fr\/wp-content\/uploads\/2024\/03\/THERMOMETRE-PLONGEURS-23-1-800x1200.jpg\" data-width=\"800\" data-height=\"1200\" aria-label=\"Plongeurs thermom\u00e8tre\" role=\"img\" ><\/div>\n\t\t\t\t\t\t\t\t\t\t\t<div class=\"elementor-gallery-item__overlay\"><\/div>\n\t\t\t\t\t\t\t\t\t\t\t\t\t\t<\/a>\n\t\t\t\t\t\t\t<a class=\"e-gallery-item elementor-gallery-item elementor-animated-content\" href=\"https:\/\/clphotography.fr\/wp-content\/uploads\/2024\/03\/MAIN-SINGE-GROS-PLAN.jpg\" data-elementor-open-lightbox=\"yes\" data-elementor-lightbox-slideshow=\"f3d6c82\" data-e-action-hash=\"#elementor-action%3Aaction%3Dlightbox%26settings%3DeyJpZCI6MTk5NCwidXJsIjoiaHR0cHM6XC9cL2NscGhvdG9ncmFwaHkuZnJcL3dwLWNvbnRlbnRcL3VwbG9hZHNcLzIwMjRcLzAzXC9NQUlOLVNJTkdFLUdST1MtUExBTi5qcGciLCJzbGlkZXNob3ciOiJmM2Q2YzgyIn0%3D\">\n\t\t\t\t\t<div class=\"e-gallery-image elementor-gallery-item__image\" data-thumbnail=\"https:\/\/clphotography.fr\/wp-content\/uploads\/2024\/03\/MAIN-SINGE-GROS-PLAN-800x1200.jpg\" data-width=\"800\" data-height=\"1200\" aria-label=\"Patte de singe\" role=\"img\" ><\/div>\n\t\t\t\t\t\t\t\t\t\t\t<div class=\"elementor-gallery-item__overlay\"><\/div>\n\t\t\t\t\t\t\t\t\t\t\t\t\t\t<\/a>\n\t\t\t\t\t\t\t<a class=\"e-gallery-item elementor-gallery-item elementor-animated-content\" href=\"https:\/\/clphotography.fr\/wp-content\/uploads\/2024\/03\/SPIDERMAN-SHOPPING-PHOTOSHOP-FINAL.jpg\" data-elementor-open-lightbox=\"yes\" data-elementor-lightbox-slideshow=\"f3d6c82\" data-e-action-hash=\"#elementor-action%3Aaction%3Dlightbox%26settings%3DeyJpZCI6MTg2NywidXJsIjoiaHR0cHM6XC9cL2NscGhvdG9ncmFwaHkuZnJcL3dwLWNvbnRlbnRcL3VwbG9hZHNcLzIwMjRcLzAzXC9TUElERVJNQU4tU0hPUFBJTkctUEhPVE9TSE9QLUZJTkFMLmpwZyIsInNsaWRlc2hvdyI6ImYzZDZjODIifQ%3D%3D\">\n\t\t\t\t\t<div class=\"e-gallery-image elementor-gallery-item__image\" data-thumbnail=\"https:\/\/clphotography.fr\/wp-content\/uploads\/2024\/03\/SPIDERMAN-SHOPPING-PHOTOSHOP-FINAL-900x1200.jpg\" data-width=\"900\" data-height=\"1200\" aria-label=\"Miniature Spiderman\" role=\"img\" ><\/div>\n\t\t\t\t\t\t\t\t\t\t\t<div class=\"elementor-gallery-item__overlay\"><\/div>\n\t\t\t\t\t\t\t\t\t\t\t\t\t\t<\/a>\n\t\t\t\t\t\t\t<a class=\"e-gallery-item elementor-gallery-item elementor-animated-content\" href=\"https:\/\/clphotography.fr\/wp-content\/uploads\/2024\/03\/BMX-SW-DESCENTE-PREPARATION-FINAL-FINAL.jpg\" data-elementor-open-lightbox=\"yes\" data-elementor-lightbox-slideshow=\"f3d6c82\" data-e-action-hash=\"#elementor-action%3Aaction%3Dlightbox%26settings%3DeyJpZCI6MTg2MSwidXJsIjoiaHR0cHM6XC9cL2NscGhvdG9ncmFwaHkuZnJcL3dwLWNvbnRlbnRcL3VwbG9hZHNcLzIwMjRcLzAzXC9CTVgtU1ctREVTQ0VOVEUtUFJFUEFSQVRJT04tRklOQUwtRklOQUwuanBnIiwic2xpZGVzaG93IjoiZjNkNmM4MiJ9\">\n\t\t\t\t\t<div class=\"e-gallery-image elementor-gallery-item__image\" data-thumbnail=\"https:\/\/clphotography.fr\/wp-content\/uploads\/2024\/03\/BMX-SW-DESCENTE-PREPARATION-FINAL-FINAL-1800x1200.jpg\" data-width=\"1800\" data-height=\"1200\" aria-label=\"\" role=\"img\" ><\/div>\n\t\t\t\t\t\t\t\t\t\t\t<div class=\"elementor-gallery-item__overlay\"><\/div>\n\t\t\t\t\t\t\t\t\t\t\t\t\t\t<\/a>\n\t\t\t\t\t\t\t<a class=\"e-gallery-item elementor-gallery-item elementor-animated-content\" href=\"https:\/\/clphotography.fr\/wp-content\/uploads\/2024\/03\/WALLE-E-PAQUERETTES-FINAL.jpg\" data-elementor-open-lightbox=\"yes\" data-elementor-lightbox-slideshow=\"f3d6c82\" data-e-action-hash=\"#elementor-action%3Aaction%3Dlightbox%26settings%3DeyJpZCI6MTg2MCwidXJsIjoiaHR0cHM6XC9cL2NscGhvdG9ncmFwaHkuZnJcL3dwLWNvbnRlbnRcL3VwbG9hZHNcLzIwMjRcLzAzXC9XQUxMRS1FLVBBUVVFUkVUVEVTLUZJTkFMLmpwZyIsInNsaWRlc2hvdyI6ImYzZDZjODIifQ%3D%3D\">\n\t\t\t\t\t<div class=\"e-gallery-image elementor-gallery-item__image\" data-thumbnail=\"https:\/\/clphotography.fr\/wp-content\/uploads\/2024\/03\/WALLE-E-PAQUERETTES-FINAL.jpg\" data-width=\"960\" data-height=\"1200\" aria-label=\"\" role=\"img\" ><\/div>\n\t\t\t\t\t\t\t\t\t\t\t<div class=\"elementor-gallery-item__overlay\"><\/div>\n\t\t\t\t\t\t\t\t\t\t\t\t\t\t<\/a>\n\t\t\t\t\t\t\t<a class=\"e-gallery-item elementor-gallery-item elementor-animated-content\" href=\"https:\/\/clphotography.fr\/wp-content\/uploads\/2024\/03\/thumbnail_ESCARGOT-NIGELLE-RECADREE.jpg\" data-elementor-open-lightbox=\"yes\" data-elementor-lightbox-slideshow=\"f3d6c82\" data-e-action-hash=\"#elementor-action%3Aaction%3Dlightbox%26settings%3DeyJpZCI6MjEwNSwidXJsIjoiaHR0cHM6XC9cL2NscGhvdG9ncmFwaHkuZnJcL3dwLWNvbnRlbnRcL3VwbG9hZHNcLzIwMjRcLzAzXC90aHVtYm5haWxfRVNDQVJHT1QtTklHRUxMRS1SRUNBRFJFRS5qcGciLCJzbGlkZXNob3ciOiJmM2Q2YzgyIn0%3D\">\n\t\t\t\t\t<div class=\"e-gallery-image elementor-gallery-item__image\" data-thumbnail=\"https:\/\/clphotography.fr\/wp-content\/uploads\/2024\/03\/thumbnail_ESCARGOT-NIGELLE-RECADREE-900x1200.jpg\" data-width=\"900\" data-height=\"1200\" aria-label=\"\" role=\"img\" ><\/div>\n\t\t\t\t\t\t\t\t\t\t\t<div class=\"elementor-gallery-item__overlay\"><\/div>\n\t\t\t\t\t\t\t\t\t\t\t\t\t\t<\/a>\n\t\t\t\t\t\t\t<a class=\"e-gallery-item elementor-gallery-item elementor-animated-content\" href=\"https:\/\/clphotography.fr\/wp-content\/uploads\/2024\/03\/thumbnail_2CV-GIVREE-PHOTOSHOP-Eraser.jpg\" data-elementor-open-lightbox=\"yes\" data-elementor-lightbox-slideshow=\"f3d6c82\" data-e-action-hash=\"#elementor-action%3Aaction%3Dlightbox%26settings%3DeyJpZCI6MjE3MCwidXJsIjoiaHR0cHM6XC9cL2NscGhvdG9ncmFwaHkuZnJcL3dwLWNvbnRlbnRcL3VwbG9hZHNcLzIwMjRcLzAzXC90aHVtYm5haWxfMkNWLUdJVlJFRS1QSE9UT1NIT1AtRXJhc2VyLmpwZyIsInNsaWRlc2hvdyI6ImYzZDZjODIifQ%3D%3D\">\n\t\t\t\t\t<div class=\"e-gallery-image elementor-gallery-item__image\" data-thumbnail=\"https:\/\/clphotography.fr\/wp-content\/uploads\/2024\/03\/thumbnail_2CV-GIVREE-PHOTOSHOP-Eraser-1800x1200.jpg\" data-width=\"1800\" data-height=\"1200\" aria-label=\"\" role=\"img\" ><\/div>\n\t\t\t\t\t\t\t\t\t\t\t<div class=\"elementor-gallery-item__overlay\"><\/div>\n\t\t\t\t\t\t\t\t\t\t\t\t\t\t<\/a>\n\t\t\t\t\t<\/div>\n\t\t\t\t\t<\/div>\n\t\t\t\t<\/div>\n\t\t\t\t<div class=\"elementor-element elementor-element-68c440d elementor-widget elementor-widget-spacer\" data-id=\"68c440d\" data-element_type=\"widget\" data-e-type=\"widget\" data-widget_type=\"spacer.default\">\n\t\t\t\t<div class=\"elementor-widget-container\">\n\t\t\t\t\t\t\t<div class=\"elementor-spacer\">\n\t\t\t<div class=\"elementor-spacer-inner\"><\/div>\n\t\t<\/div>\n\t\t\t\t\t\t<\/div>\n\t\t\t\t<\/div>\n\t\t\t\t\t<\/div>\n\t\t\t\t<\/div>\n\t\t\t\t<\/div>\n\t\t","protected":false},"excerpt":{"rendered":"<p>L&rsquo;univers de Nathalie Behague-Dugay Pour les fumeurs, cette NEWS va faire un tabac&#8230;! Les experts PHILIP &amp; MORRIS ont mis le paquet et ont recueilli PALL MALL d&rsquo;indices&#8230;Ils attendent d\u00e9sormais le MARSHAL de WINSTON alias ROTHMAN (oui il a tendance \u00e0 souffrir de flatulences buccales et prend beaucoup du VOGUE haleine?)&#8230;.qui peut-\u00eatre avec un peu [&hellip;]<\/p>\n","protected":false},"author":1,"featured_media":0,"parent":0,"menu_order":0,"comment_status":"closed","ping_status":"closed","template":"","meta":{"om_disable_all_campaigns":false,"_monsterinsights_skip_tracking":false,"_monsterinsights_sitenote_active":false,"_monsterinsights_sitenote_note":"","_monsterinsights_sitenote_category":0,"footnotes":""},"class_list":["post-2045","page","type-page","status-publish","hentry","entry"],"aioseo_notices":[],"_links":{"self":[{"href":"https:\/\/clphotography.fr\/index.php?rest_route=\/wp\/v2\/pages\/2045","targetHints":{"allow":["GET"]}}],"collection":[{"href":"https:\/\/clphotography.fr\/index.php?rest_route=\/wp\/v2\/pages"}],"about":[{"href":"https:\/\/clphotography.fr\/index.php?rest_route=\/wp\/v2\/types\/page"}],"author":[{"embeddable":true,"href":"https:\/\/clphotography.fr\/index.php?rest_route=\/wp\/v2\/users\/1"}],"replies":[{"embeddable":true,"href":"https:\/\/clphotography.fr\/index.php?rest_route=%2Fwp%2Fv2%2Fcomments&post=2045"}],"version-history":[{"count":64,"href":"https:\/\/clphotography.fr\/index.php?rest_route=\/wp\/v2\/pages\/2045\/revisions"}],"predecessor-version":[{"id":2228,"href":"https:\/\/clphotography.fr\/index.php?rest_route=\/wp\/v2\/pages\/2045\/revisions\/2228"}],"wp:attachment":[{"href":"https:\/\/clphotography.fr\/index.php?rest_route=%2Fwp%2Fv2%2Fmedia&parent=2045"}],"curies":[{"name":"wp","href":"https:\/\/api.w.org\/{rel}","templated":true}]}}